

{"id":2043,"date":"2024-06-03T15:00:14","date_gmt":"2024-06-03T13:00:14","guid":{"rendered":"https:\/\/www.kcspu.sk\/?page_id=2043"},"modified":"2024-06-11T09:52:53","modified_gmt":"2024-06-11T07:52:53","slug":"fotoaparat-dji-zennmuse-p1","status":"publish","type":"page","link":"https:\/\/kcspu.sk\/en\/fotoaparat-dji-zennmuse-p1\/","title":{"rendered":"Fotoapar\u00e1t DJI Zennmuse P1"},"content":{"rendered":"<p><div class=\"fusion-fullwidth fullwidth-box fusion-builder-row-1 fusion-flex-container nonhundred-percent-fullwidth non-hundred-percent-height-scrolling\" style=\"--awb-border-radius-top-left:0px;--awb-border-radius-top-right:0px;--awb-border-radius-bottom-right:0px;--awb-border-radius-bottom-left:0px;--awb-flex-wrap:wrap;\" ><div class=\"fusion-builder-row fusion-row fusion-flex-align-items-flex-start fusion-flex-content-wrap\" style=\"max-width:1331.2px;margin-left: calc(-4% \/ 2 );margin-right: calc(-4% \/ 2 );\"><div class=\"fusion-layout-column fusion_builder_column fusion-builder-column-0 fusion_builder_column_1_1 1_1 fusion-flex-column\" style=\"--awb-bg-blend:overlay;--awb-bg-size:cover;--awb-width-large:100%;--awb-margin-top-large:0px;--awb-spacing-right-large:1.92%;--awb-margin-bottom-large:0px;--awb-spacing-left-large:1.92%;--awb-width-medium:100%;--awb-spacing-right-medium:1.92%;--awb-spacing-left-medium:1.92%;--awb-width-small:100%;--awb-spacing-right-small:1.92%;--awb-spacing-left-small:1.92%;\"><div class=\"fusion-column-wrapper fusion-flex-justify-content-flex-start fusion-content-layout-column\"><div class=\"fusion-text fusion-text-1\" style=\"--awb-text-transform:none;\"><h2 data-fusion-font=\"true\" data-fusion-google-font=\"Inter\" data-fusion-google-variant=\"400\" style=\"font-family: Inter; font-weight: 400;\">Oddelenie architekt\u00fara &#8211; Fotoapar\u00e1t DJI Zennmuse P1<\/h2>\n<\/div><\/div><\/div><\/div><\/div><div class=\"fusion-fullwidth fullwidth-box fusion-builder-row-2 fusion-flex-container nonhundred-percent-fullwidth non-hundred-percent-height-scrolling\" style=\"--awb-border-radius-top-left:0px;--awb-border-radius-top-right:0px;--awb-border-radius-bottom-right:0px;--awb-border-radius-bottom-left:0px;--awb-flex-wrap:wrap;\" ><div class=\"fusion-builder-row fusion-row fusion-flex-align-items-flex-start fusion-flex-content-wrap\" style=\"max-width:1331.2px;margin-left: calc(-4% \/ 2 );margin-right: calc(-4% \/ 2 );\"><div class=\"fusion-layout-column fusion_builder_column fusion-builder-column-1 fusion_builder_column_1_2 1_2 fusion-flex-column fusion-flex-align-self-stretch\" style=\"--awb-bg-size:cover;--awb-width-large:50%;--awb-margin-top-large:0px;--awb-spacing-right-large:3.84%;--awb-margin-bottom-large:0px;--awb-spacing-left-large:4.032%;--awb-width-medium:50%;--awb-order-medium:0;--awb-spacing-right-medium:3.84%;--awb-spacing-left-medium:4.032%;--awb-width-small:100%;--awb-order-small:0;--awb-spacing-right-small:1.92%;--awb-spacing-left-small:1.92%;\"><div class=\"fusion-column-wrapper fusion-column-has-shadow fusion-flex-justify-content-center fusion-content-layout-row\"><div class=\"fusion-image-element\" style=\"--awb-caption-title-font-family:var(--h2_typography-font-family);--awb-caption-title-font-weight:var(--h2_typography-font-weight);--awb-caption-title-font-style:var(--h2_typography-font-style);--awb-caption-title-size:var(--h2_typography-font-size);--awb-caption-title-transform:var(--h2_typography-text-transform);--awb-caption-title-line-height:var(--h2_typography-line-height);--awb-caption-title-letter-spacing:var(--h2_typography-letter-spacing);\"><span class=\"fusion-imageframe imageframe-none imageframe-1 hover-type-none\"><img decoding=\"async\" width=\"300\" height=\"200\" title=\"fotoaparat\" src=\"https:\/\/kcspu.sk\/wp-content\/uploads\/2024\/06\/fotoaparat-300x200.jpg\" alt class=\"img-responsive wp-image-2044\" srcset=\"https:\/\/kcspu.sk\/wp-content\/uploads\/2024\/06\/fotoaparat-200x133.jpg 200w, https:\/\/kcspu.sk\/wp-content\/uploads\/2024\/06\/fotoaparat-400x267.jpg 400w, https:\/\/kcspu.sk\/wp-content\/uploads\/2024\/06\/fotoaparat-600x400.jpg 600w, https:\/\/kcspu.sk\/wp-content\/uploads\/2024\/06\/fotoaparat-800x533.jpg 800w, https:\/\/kcspu.sk\/wp-content\/uploads\/2024\/06\/fotoaparat.jpg 1143w\" sizes=\"(max-width: 768px) 100vw, 600px\" \/><\/span><\/div><\/div><\/div><div class=\"fusion-layout-column fusion_builder_column fusion-builder-column-2 fusion_builder_column_1_2 1_2 fusion-flex-column fusion-flex-align-self-stretch\" style=\"--awb-bg-size:cover;--awb-width-large:50%;--awb-margin-top-large:0px;--awb-spacing-right-large:3.84%;--awb-margin-bottom-large:0px;--awb-spacing-left-large:3.84%;--awb-width-medium:50%;--awb-order-medium:0;--awb-spacing-right-medium:3.84%;--awb-spacing-left-medium:3.84%;--awb-width-small:100%;--awb-order-small:0;--awb-spacing-right-small:1.92%;--awb-spacing-left-small:1.92%;\"><div class=\"fusion-column-wrapper fusion-column-has-shadow fusion-flex-justify-content-center fusion-content-layout-column\"><div class=\"fusion-text fusion-text-2\" style=\"--awb-text-transform:none;\"><p style=\"text-align: center;\">Ide o fotoapar\u00e1t so schopnos\u0165ou full-frame sn\u00edmania s rozl\u00ed\u0161en\u00edm 45 MPx, pevn\u00fdm ohniskom na trojosovom gimbale. Rovnako disponuje mechanickou uz\u00e1vierkou (1\/2000 sekundy) a nov\u00fdm syst\u00e9mom TimeSync 2.0, ktor\u00fd dok\u00e1\u017ee synchronizova\u0165 moduly v r\u00fdchlosti mikrosek\u00fand. Zenmuse P1 zvl\u00e1dne zaznamena\u0165 d\u00e1ta s presnos\u0165ou na centimetre. Fotoapar\u00e1t je ur\u010den\u00fd na fotogrametrick\u00e9 misie s vysokou presnos\u0165ou najm\u00e4 v oblastiach architekt\u00fary, geod\u00e9zie, kartografie, stavebn\u00edctva a in\u00e9.<\/p>\n<\/div><\/div><\/div><\/div><\/div><\/p>","protected":false},"excerpt":{"rendered":"","protected":false},"author":1,"featured_media":0,"parent":0,"menu_order":0,"comment_status":"closed","ping_status":"closed","template":"","meta":{"footnotes":""},"class_list":["post-2043","page","type-page","status-publish","hentry"],"acf":[],"_links":{"self":[{"href":"https:\/\/kcspu.sk\/en\/wp-json\/wp\/v2\/pages\/2043","targetHints":{"allow":["GET"]}}],"collection":[{"href":"https:\/\/kcspu.sk\/en\/wp-json\/wp\/v2\/pages"}],"about":[{"href":"https:\/\/kcspu.sk\/en\/wp-json\/wp\/v2\/types\/page"}],"author":[{"embeddable":true,"href":"https:\/\/kcspu.sk\/en\/wp-json\/wp\/v2\/users\/1"}],"replies":[{"embeddable":true,"href":"https:\/\/kcspu.sk\/en\/wp-json\/wp\/v2\/comments?post=2043"}],"version-history":[{"count":3,"href":"https:\/\/kcspu.sk\/en\/wp-json\/wp\/v2\/pages\/2043\/revisions"}],"predecessor-version":[{"id":2261,"href":"https:\/\/kcspu.sk\/en\/wp-json\/wp\/v2\/pages\/2043\/revisions\/2261"}],"wp:attachment":[{"href":"https:\/\/kcspu.sk\/en\/wp-json\/wp\/v2\/media?parent=2043"}],"curies":[{"name":"wp","href":"https:\/\/api.w.org\/{rel}","templated":true}]}}